{"id":11,"date":"2025-11-13T09:20:38","date_gmt":"2025-11-13T09:20:38","guid":{"rendered":"http:\/\/restaurantcanbaldiri.com\/cartaweb\/?page_id=11"},"modified":"2026-05-03T19:11:40","modified_gmt":"2026-05-03T19:11:40","slug":"menu-diario","status":"publish","type":"page","link":"http:\/\/restaurantcanbaldiri.com\/cartaweb\/menu-diario\/","title":{"rendered":"menu diario"},"content":{"rendered":"<div class=\"\" style=\"\" >\n    \n    <section class=\"u-clearfix u-section-2\" id=\"block-1\">\n      <div class=\"u-clearfix u-sheet u-sheet-1\">\n        <h2 class=\"u-align-center u-text u-text-default u-text-1\">MENU DIARIO<\/h2>\n      <\/div>\n    <\/section>\n    <section class=\"u-black u-clearfix u-section-3\" id=\"block-2\">\n      <div class=\"u-clearfix u-sheet u-valign-middle-lg u-valign-middle-md u-valign-middle-sm u-valign-middle-xs u-sheet-1\">\n        <h4 class=\"u-align-center u-text u-text-default u-text-1\">PRIMEROS<\/h4>\n      <\/div>\n    <\/section>\n    <section class=\"u-border-1 u-border-grey-75 u-border-no-left u-border-no-right u-border-no-top u-clearfix u-section-4\" id=\"block-3\">\n      <div class=\"u-clearfix u-sheet u-valign-middle-xs u-valign-top-lg u-valign-top-md u-valign-top-sm u-sheet-1\">\n        <p class=\"u-align-center u-text u-text-default-lg u-text-default-md u-text-default-sm u-text-default-xl u-text-1\">Ensalada de aguacate y esp\u00e1rragos<br>Revuelto meloso de esp\u00e1rragos verdes y sus tostas<br>Alcachofas del Prat a la plancha con virutas de ib\u00e9rico<br><span style=\"font-weight: 700;\"><span style=\"font-weight: 400;\"> Penne a la putanesca con parmesano<\/span><\/span>\n          <br>Guiso de acelgas con garbanzos\n        <\/p>\n      <\/div>\n    <\/section>\n    <section class=\"u-black u-clearfix u-section-5\" id=\"block-4\">\n      <div class=\"u-clearfix u-sheet u-valign-middle-xl u-valign-top-lg u-valign-top-md u-valign-top-sm u-sheet-1\">\n        <h4 class=\"u-align-center u-text u-text-default u-text-1\">SEGUNDOS<br>\n        <\/h4>\n      <\/div>\n    <\/section>\n    <section class=\"u-border-1 u-border-grey-75 u-border-no-left u-border-no-right u-border-no-top u-clearfix u-section-6\" id=\"block-5\">\n      <div class=\"u-clearfix u-sheet u-valign-middle-lg u-valign-middle-md u-valign-middle-sm u-valign-middle-xl u-sheet-1\">\n        <p class=\"u-align-center u-text u-text-default u-text-1\">Escalopa de ternera a caballo<br>Pechuga de pollo campero en salsa de champ\u00ec\u00f1ones<br>&nbsp;Jarrete de cerdo al Pedro Ximenez sobre parmentier de puerros<br>Bacalao en salsa pomodoro sobre guisantes salteados<br>Sepia extra a la brasa con su guarnici\u00f3n (supl 6,25 \u20ac)&nbsp;<br>Entrecot de ternera (300 gr) a la brasa con su guarnici\u00f3n&nbsp;&nbsp;<br>(6,25 \u20ac)&nbsp;\n        <\/p>\n      <\/div>\n    <\/section>\n    <section class=\"u-black u-clearfix u-section-7\" id=\"block-6\">\n      <div class=\"u-clearfix u-sheet u-valign-middle-lg u-valign-middle-md u-valign-middle-sm u-valign-middle-xs u-sheet-1\">\n        <h4 class=\"u-align-center u-text u-text-default u-text-1\">POSTRE<\/h4>\n      <\/div>\n    <\/section>\n    <section class=\"u-border-1 u-border-grey-75 u-border-no-left u-border-no-right u-border-no-top u-clearfix u-palette-3-light-3 u-section-8\" id=\"block-7\">\n      <div class=\"u-clearfix u-sheet u-valign-middle-lg u-valign-middle-md u-valign-middle-sm u-sheet-1\">\n        <p class=\"u-align-center u-text u-text-1\">Tarta de queso casera<br>Tiramis\u00fa casero<br>Postre de caf\u00e9 y dulce de leche casero<br>Fresas con nata<br>Mel i mat\u00f3\n        <\/p>\n      <\/div>\n    <\/section>\n    <section class=\"u-clearfix u-section-9\" id=\"block-8\">\n      <div class=\"u-clearfix u-sheet u-valign-middle-lg u-valign-middle-sm u-valign-middle-xl u-sheet-1\">\n        <p class=\"u-align-center u-small-text u-text u-text-default u-text-variant u-text-1\"> Pan, refresco, cerveza, agua, vino y postre o caf\u00e9&nbsp;<\/p>\n        <h4 class=\"u-align-center u-text u-text-default u-text-2\">16,50\u20ac<\/h4>\n        <p class=\"u-align-center u-small-text u-text u-text-default u-text-variant u-text-3\">IVA INCLUIDO<\/p>\n      <\/div>\n    <\/section>\n    \n    \n    \n  \n<\/div>","protected":false},"excerpt":{"rendered":"<p>MENU DIARIO PRIMEROS Ensalada de aguacate y esp\u00e1rragosRevuelto meloso de esp\u00e1rragos verdes y sus tostasAlcachofas del Prat a la plancha con virutas de ib\u00e9rico Penne a la putanesca con parmesano Guiso de acelgas con garbanzos SEGUNDOS Escalopa de ternera a caballoPechuga de pollo campero en salsa de champ\u00ec\u00f1ones&nbsp;Jarrete de cerdo al Pedro Ximenez sobre parmentier [&hellip;]<\/p>\n","protected":false},"author":1,"featured_media":0,"parent":0,"menu_order":0,"comment_status":"closed","ping_status":"closed","template":"","meta":{"footnotes":""},"class_list":["post-11","page","type-page","status-publish","hentry"],"_links":{"self":[{"href":"http:\/\/restaurantcanbaldiri.com\/cartaweb\/wp-json\/wp\/v2\/pages\/11","targetHints":{"allow":["GET"]}}],"collection":[{"href":"http:\/\/restaurantcanbaldiri.com\/cartaweb\/wp-json\/wp\/v2\/pages"}],"about":[{"href":"http:\/\/restaurantcanbaldiri.com\/cartaweb\/wp-json\/wp\/v2\/types\/page"}],"author":[{"embeddable":true,"href":"http:\/\/restaurantcanbaldiri.com\/cartaweb\/wp-json\/wp\/v2\/users\/1"}],"replies":[{"embeddable":true,"href":"http:\/\/restaurantcanbaldiri.com\/cartaweb\/wp-json\/wp\/v2\/comments?post=11"}],"version-history":[{"count":140,"href":"http:\/\/restaurantcanbaldiri.com\/cartaweb\/wp-json\/wp\/v2\/pages\/11\/revisions"}],"predecessor-version":[{"id":318,"href":"http:\/\/restaurantcanbaldiri.com\/cartaweb\/wp-json\/wp\/v2\/pages\/11\/revisions\/318"}],"wp:attachment":[{"href":"http:\/\/restaurantcanbaldiri.com\/cartaweb\/wp-json\/wp\/v2\/media?parent=11"}],"curies":[{"name":"wp","href":"https:\/\/api.w.org\/{rel}","templated":true}]}}