{"id":73,"date":"2025-11-19T15:01:16","date_gmt":"2025-11-19T15:01:16","guid":{"rendered":"http:\/\/restaurantcanbaldiri.com\/cartaweb\/?page_id=73"},"modified":"2025-12-07T15:27:44","modified_gmt":"2025-12-07T15:27:44","slug":"vinos","status":"publish","type":"page","link":"http:\/\/restaurantcanbaldiri.com\/cartaweb\/vinos\/","title":{"rendered":"vinos"},"content":{"rendered":"<div class=\"\" style=\"\" >\n    \n    <section class=\"u-clearfix u-valign-middle-xs u-section-2\" id=\"sec-c7e1\">\n      <div class=\"data-layout-selected u-clearfix u-expanded-width u-layout-wrap u-layout-wrap-1\">\n        <div class=\"u-layout\">\n          <div class=\"u-layout-row\">\n            <div class=\"u-container-style u-image u-layout-cell u-left-cell u-size-30 u-image-1\" style=\"background-image: url(&quot;http:\/\/restaurantcanbaldiri.com\/cartaweb\/wp-content\/uploads\/2025\/11\/photo-1749423304391-c516357e5a44.jpeg&quot;);\">\n              <div class=\"u-container-layout u-container-layout-1\"><\/div>\n            <\/div>\n            <div class=\"u-align-center u-container-align-center u-container-style u-grey-10 u-layout-cell u-size-16 u-layout-cell-2\">\n              <div class=\"u-container-layout u-valign-middle-lg u-valign-middle-md u-valign-middle-sm u-valign-top-xs u-container-layout-2\">\n                <h4 class=\"u-text u-text-1\">El arte de maridar vinos correctamente<\/h4>\n                <h2 class=\"u-custom-font u-font-ubuntu u-text u-text-2\">NUESTROS VINOS<\/h2>\n              <\/div>\n            <\/div>\n            <div class=\"u-container-style u-image u-layout-cell u-right-cell u-size-14 u-image-2\" data-image-width=\"853\" data-image-height=\"1280\" style=\"background-image: url(&quot;http:\/\/restaurantcanbaldiri.com\/cartaweb\/wp-content\/uploads\/2025\/11\/photo-1712025853040-c3bd38131c7b.jpeg&quot;);\">\n              <div class=\"u-container-layout u-container-layout-3\"><\/div>\n            <\/div>\n          <\/div>\n        <\/div>\n      <\/div>\n    <\/section>\n    <section class=\"u-clearfix u-section-3\" id=\"block-1\">\n      <div class=\"u-clearfix u-sheet u-valign-middle-xl u-valign-middle-xs u-valign-top-lg u-valign-top-md u-valign-top-sm u-sheet-1\">\n        <div class=\"u-expanded-width u-list u-list-1\">\n          <div class=\"u-repeater u-repeater-1\">\n            <div class=\"u-container-style u-grey-5 u-list-item u-repeater-item\">\n              <div class=\"u-container-layout u-similar-container u-valign-bottom-xs u-container-layout-1\">\n                <h6 class=\"u-align-center u-text u-text-default u-text-1\"> VERMOUT CASERO CAN BALDIRI<br>\n                  <br>\n                  <br>\n                <\/h6>\n                <p class=\"u-align-center u-text u-text-default u-text-2\">3,95\u20ac<\/p>\n              <\/div>\n            <\/div>\n            <div class=\"u-container-style u-grey-5 u-list-item u-repeater-item\">\n              <div class=\"u-container-layout u-similar-container u-valign-bottom-xs u-container-layout-2\">\n                <h6 class=\"u-align-center u-text u-text-default u-text-3\">MARTINI ROSSO<br>-----------------------------------<br>\n                  <br>BLANCO O NEGRO\n                <\/h6>\n                <p class=\"u-align-center u-text u-text-default u-text-4\">3,95\u20ac<\/p>\n              <\/div>\n            <\/div>\n            <div class=\"u-container-style u-grey-5 u-list-item u-repeater-item\">\n              <div class=\"u-container-layout u-similar-container u-valign-bottom-xs u-container-layout-3\">\n                <h6 class=\"u-align-center u-text u-text-default u-text-5\"> COPAZO MARTINI ROSSO<br>-----------------------------------<br>\n                  <br>BLANCO O NEGRO\n                <\/h6>\n                <p class=\"u-align-center u-text u-text-default u-text-6\">6,00\u20ac<\/p>\n              <\/div>\n            <\/div>\n          <\/div>\n        <\/div>\n      <\/div>\n    <\/section>\n    <section class=\"u-clearfix u-section-4\" id=\"block-2\">\n      <div class=\"u-clearfix u-sheet u-valign-top u-sheet-1\">\n        <div class=\"u-expanded-width u-list u-list-1\">\n          <div class=\"u-repeater u-repeater-1\">\n            <div class=\"u-container-style u-custom-item u-list-item u-repeater-item\">\n              <div class=\"u-container-layout u-similar-container u-valign-bottom-lg u-valign-bottom-md u-valign-bottom-sm u-valign-bottom-xs u-container-layout-1\">\n                <h5 class=\"u-align-center u-text u-text-default u-text-1\"> Azpilicueta CRIANZA<\/h5>\n                <p class=\"u-align-center u-small-text u-text u-text-default u-text-variant u-text-2\"> Denominaci\u00f3n de Origen: Rioja<br>Variedad: Tempranillo<br>Graduaci\u00f3n: 13.5 %\n                <\/p>\n                <p class=\"u-align-center u-small-text u-text u-text-default u-text-variant u-text-3\">18,00&nbsp;\u20ac<\/p>\n                <img decoding=\"async\" class=\"u-align-center u-image u-image-contain u-image-default u-image-1\" src=\"http:\/\/restaurantcanbaldiri.com\/cartaweb\/wp-content\/uploads\/2025\/11\/azpilicuetareservarioja.jpg\" alt=\"\" data-image-width=\"176\" data-image-height=\"766\">\n                <img decoding=\"async\" class=\"u-image u-image-default u-preserve-proportions u-image-2\" src=\"http:\/\/restaurantcanbaldiri.com\/cartaweb\/wp-content\/uploads\/2025\/11\/POTENTE.png\" alt=\"\" data-image-width=\"74\" data-image-height=\"76\">\n              <\/div>\n            <\/div>\n            <div class=\"u-container-style u-custom-item u-list-item u-repeater-item\">\n              <div class=\"u-container-layout u-similar-container u-valign-bottom-lg u-valign-bottom-md u-valign-bottom-sm u-valign-bottom-xs u-container-layout-2\">\n                <h5 class=\"u-align-center u-text u-text-default u-text-4\"> G\u00f3mez de Segura<\/h5>\n                <p class=\"u-align-center u-small-text u-text u-text-default u-text-variant u-text-5\"> Denominaci\u00f3n de Origen: Rioja<br>Variedad: Tempranillo<br>Graduaci\u00f3n: 13.5 % \n                <\/p>\n                <p class=\"u-align-center u-small-text u-text u-text-default u-text-variant u-text-6\">15,75 \u20ac \/\/ COPA: 2,90\u20ac<\/p>\n                <img decoding=\"async\" class=\"u-align-center u-image u-image-contain u-image-default u-image-3\" src=\"http:\/\/restaurantcanbaldiri.com\/cartaweb\/wp-content\/uploads\/2025\/11\/gomezdeseguratintoriojatempranillo.jpg\" alt=\"\" data-image-width=\"321\" data-image-height=\"1280\">\n                <img decoding=\"async\" class=\"u-image u-image-default u-preserve-proportions u-image-4\" src=\"http:\/\/restaurantcanbaldiri.com\/cartaweb\/wp-content\/uploads\/2025\/11\/Capa8.jpg\" alt=\"\" data-image-width=\"30\" data-image-height=\"28\">\n              <\/div>\n            <\/div>\n            <div class=\"u-container-style u-custom-item u-list-item u-repeater-item\">\n              <div class=\"u-container-layout u-similar-container u-valign-bottom-lg u-valign-bottom-md u-valign-bottom-sm u-valign-bottom-xs u-container-layout-3\">\n                <h5 class=\"u-align-center u-text u-text-default u-text-7\">Tiberio Roble <\/h5>\n                <p class=\"u-align-center u-small-text u-text u-text-default u-text-variant u-text-8\"> Denominaci\u00f3n de Origen: \u200bRibera del Duero<br>Variedad: Tempranillo<br>Graduaci\u00f3n: 13 % \n                <\/p>\n                <p class=\"u-align-center u-small-text u-text u-text-default u-text-variant u-text-9\">15,50 \u20ac<\/p>\n                <img decoding=\"async\" class=\"u-align-center u-image u-image-contain u-image-default u-image-5\" src=\"http:\/\/restaurantcanbaldiri.com\/cartaweb\/wp-content\/uploads\/2025\/11\/tiberiorobleriberadelduero.webp\" alt=\"\" data-image-width=\"187\" data-image-height=\"800\">\n                <img decoding=\"async\" class=\"u-image u-image-default u-preserve-proportions u-image-6\" src=\"http:\/\/restaurantcanbaldiri.com\/cartaweb\/wp-content\/uploads\/2025\/11\/Capa2.jpg\" alt=\"\" data-image-width=\"37\" data-image-height=\"29\">\n              <\/div>\n            <\/div>\n            <div class=\"u-container-style u-custom-item u-list-item u-repeater-item\">\n              <div class=\"u-container-layout u-similar-container u-valign-bottom-lg u-valign-bottom-md u-valign-bottom-sm u-valign-bottom-xs u-container-layout-4\">\n                <h5 class=\"u-align-center u-text u-text-default u-text-10\">TARAROT<\/h5>\n                <p class=\"u-align-center u-small-text u-text u-text-default u-text-variant u-text-11\"> Denominaci\u00f3n de Origen: \u200bCosters del Segre<br>Variedad: Tempranillo<br>Graduaci\u00f3n: 14 % \n                <\/p>\n                <p class=\"u-align-center u-small-text u-text u-text-default u-text-variant u-text-12\">13,50 \u20ac<\/p>\n                <img decoding=\"async\" class=\"u-align-center u-image u-image-contain u-image-default u-image-7\" src=\"http:\/\/restaurantcanbaldiri.com\/cartaweb\/wp-content\/uploads\/2025\/11\/0000-tararot-tinto-1584871438-1400x1400-1.jpg\" alt=\"\" data-image-width=\"375\" data-image-height=\"865\">\n                <img decoding=\"async\" class=\"u-image u-image-default u-preserve-proportions u-image-8\" src=\"http:\/\/restaurantcanbaldiri.com\/cartaweb\/wp-content\/uploads\/2025\/11\/Capa8.jpg\" alt=\"\" data-image-width=\"30\" data-image-height=\"28\">\n              <\/div>\n            <\/div>\n          <\/div>\n        <\/div>\n      <\/div>\n    <\/section>\n    <section class=\"u-clearfix u-section-5\" id=\"sec-f498\">\n      <div class=\"u-clearfix u-sheet u-valign-bottom-xl u-valign-top-lg u-valign-top-md u-valign-top-sm u-sheet-1\">\n        <div class=\"u-expanded-width u-list u-list-1\">\n          <div class=\"u-repeater u-repeater-1\">\n            <div class=\"u-container-style u-list-item u-repeater-item\">\n              <div class=\"u-container-layout u-similar-container u-container-layout-1\">\n                <h5 class=\"u-align-center u-text u-text-default u-text-1\"> Folklore Albari\u00f1o<\/h5>\n                <p class=\"u-align-center u-small-text u-text u-text-default u-text-variant u-text-2\"> Denominaci\u00f3n de Origen: \u200bR\u00edas Baixas<br>Variedad: \u200bAlbari\u00f1o 100%<br>Graduaci\u00f3n: 13 %\n                <\/p>\n                <p class=\"u-align-center u-small-text u-text u-text-default u-text-variant u-text-3\">20,00 \u20ac<\/p>\n                <img decoding=\"async\" class=\"u-align-center u-image u-image-contain u-image-default u-image-1\" src=\"http:\/\/restaurantcanbaldiri.com\/cartaweb\/wp-content\/uploads\/2025\/11\/Folklorealbarinnoesblanco.jpg\" alt=\"\" data-image-width=\"395\" data-image-height=\"1417\">\n                <img decoding=\"async\" class=\"u-image u-image-default u-preserve-proportions u-image-2\" src=\"http:\/\/restaurantcanbaldiri.com\/cartaweb\/wp-content\/uploads\/2025\/11\/Capa5.jpg\" alt=\"\" data-image-width=\"34\" data-image-height=\"34\">\n              <\/div>\n            <\/div>\n            <div class=\"u-container-style u-list-item u-repeater-item\">\n              <div class=\"u-container-layout u-similar-container u-container-layout-2\">\n                <h5 class=\"u-align-center u-text u-text-default u-text-4\"> Zapadorado Verdejo<\/h5>\n                <p class=\"u-align-center u-small-text u-text u-text-default u-text-variant u-text-5\"> Denominaci\u00f3n de Origen: \u200bRueda<br>Variedad: 100% Verdejo<br>Graduaci\u00f3n: 13 % \n                <\/p>\n                <p class=\"u-align-center u-small-text u-text u-text-default u-text-variant u-text-6\">13,50 \u20ac \/\/ COPA 2,80\u20ac <\/p>\n                <img decoding=\"async\" class=\"u-align-center u-image u-image-contain u-image-default u-image-3\" src=\"http:\/\/restaurantcanbaldiri.com\/cartaweb\/wp-content\/uploads\/2025\/11\/zapadoradoverdejoblancoRUEDA.png\" alt=\"\" data-image-width=\"143\" data-image-height=\"600\">\n                <img decoding=\"async\" class=\"u-image u-image-default u-preserve-proportions u-image-4\" src=\"http:\/\/restaurantcanbaldiri.com\/cartaweb\/wp-content\/uploads\/2025\/11\/Capa7.jpg\" alt=\"\" data-image-width=\"36\" data-image-height=\"35\">\n              <\/div>\n            <\/div>\n            <div class=\"u-container-style u-list-item u-repeater-item\">\n              <div class=\"u-container-layout u-similar-container u-container-layout-3\">\n                <h5 class=\"u-align-center u-text u-text-default u-text-7\">Saltimbanqui<\/h5>\n                <p class=\"u-align-center u-small-text u-text u-text-default u-text-variant u-text-8\"><span style=\"font-weight: 400;\"> Denominaci\u00f3n de Origen: \u200bRueda<br>Variedad: 100% Verdejo<\/span>\n                  <br>Graduaci\u00f3n: 13 % \n                <\/p>\n                <p class=\"u-align-center u-small-text u-text u-text-default u-text-variant u-text-9\">17,00 \u20ac<\/p>\n                <img decoding=\"async\" class=\"u-align-center u-image u-image-contain u-image-default u-image-5\" src=\"http:\/\/restaurantcanbaldiri.com\/cartaweb\/wp-content\/uploads\/2025\/11\/saltimbanqui.jpg\" alt=\"\" data-image-width=\"223\" data-image-height=\"650\">\n                <img decoding=\"async\" class=\"u-image u-image-default u-preserve-proportions u-image-6\" src=\"http:\/\/restaurantcanbaldiri.com\/cartaweb\/wp-content\/uploads\/2025\/11\/Capa7.jpg\" alt=\"\" data-image-width=\"36\" data-image-height=\"35\">\n              <\/div>\n            <\/div>\n          <\/div>\n        <\/div>\n        <img decoding=\"async\" class=\"u-expanded-width u-image u-image-contain u-image-7\" src=\"http:\/\/restaurantcanbaldiri.com\/cartaweb\/wp-content\/uploads\/2025\/11\/figuras.png\" data-image-width=\"612\" data-image-height=\"649\">\n      <\/div>\n    <\/section>\n    \n    \n    \n  \n<\/div>","protected":false},"excerpt":{"rendered":"<p>El arte de maridar vinos correctamente NUESTROS VINOS VERMOUT CASERO CAN BALDIRI 3,95\u20ac MARTINI ROSSO&#8212;&#8212;&#8212;&#8212;&#8212;&#8212;&#8212;&#8212;&#8212;&#8212;&#8212;&#8211; BLANCO O NEGRO 3,95\u20ac COPAZO MARTINI ROSSO&#8212;&#8212;&#8212;&#8212;&#8212;&#8212;&#8212;&#8212;&#8212;&#8212;&#8212;&#8211; BLANCO O NEGRO 6,00\u20ac Azpilicueta CRIANZA Denominaci\u00f3n de Origen: RiojaVariedad: TempranilloGraduaci\u00f3n: 13.5 % 18,00&nbsp;\u20ac G\u00f3mez de Segura Denominaci\u00f3n de Origen: RiojaVariedad: TempranilloGraduaci\u00f3n: 13.5 % 15,75 \u20ac \/\/ COPA: 2,90\u20ac Tiberio Roble Denominaci\u00f3n de [&hellip;]<\/p>\n","protected":false},"author":1,"featured_media":0,"parent":0,"menu_order":0,"comment_status":"closed","ping_status":"closed","template":"","meta":{"footnotes":""},"class_list":["post-73","page","type-page","status-publish","hentry"],"_links":{"self":[{"href":"http:\/\/restaurantcanbaldiri.com\/cartaweb\/wp-json\/wp\/v2\/pages\/73","targetHints":{"allow":["GET"]}}],"collection":[{"href":"http:\/\/restaurantcanbaldiri.com\/cartaweb\/wp-json\/wp\/v2\/pages"}],"about":[{"href":"http:\/\/restaurantcanbaldiri.com\/cartaweb\/wp-json\/wp\/v2\/types\/page"}],"author":[{"embeddable":true,"href":"http:\/\/restaurantcanbaldiri.com\/cartaweb\/wp-json\/wp\/v2\/users\/1"}],"replies":[{"embeddable":true,"href":"http:\/\/restaurantcanbaldiri.com\/cartaweb\/wp-json\/wp\/v2\/comments?post=73"}],"version-history":[{"count":13,"href":"http:\/\/restaurantcanbaldiri.com\/cartaweb\/wp-json\/wp\/v2\/pages\/73\/revisions"}],"predecessor-version":[{"id":175,"href":"http:\/\/restaurantcanbaldiri.com\/cartaweb\/wp-json\/wp\/v2\/pages\/73\/revisions\/175"}],"wp:attachment":[{"href":"http:\/\/restaurantcanbaldiri.com\/cartaweb\/wp-json\/wp\/v2\/media?parent=73"}],"curies":[{"name":"wp","href":"https:\/\/api.w.org\/{rel}","templated":true}]}}